{"id":9724,"date":"2023-09-14T14:09:29","date_gmt":"2023-09-14T14:09:29","guid":{"rendered":"https:\/\/kaner.net\/?page_id=9724"},"modified":"2023-09-14T14:09:29","modified_gmt":"2023-09-14T14:09:29","slug":"avantajlar","status":"publish","type":"page","link":"https:\/\/kaner.net\/en\/kaner-de-calismak\/avantajlar\/","title":{"rendered":"Avantajlar"},"content":{"rendered":"<p style=\"text-align: center;\">KANERL\u0130 olmak, \u00e7al\u0131\u015fan\u0131n hem ki\u015fisel geli\u015fimine hem de ya\u015fam tarz\u0131na etki eder.<br \/>\n\u00c7al\u0131\u015fanlar\u0131m\u0131z, bir\u00e7ok yerden indirim ve avantajl\u0131 al\u0131\u015fveri\u015f imkan\u0131na sahip olur.<br \/>\n\u00c7al\u0131\u015fanlar\u0131m\u0131z\u0131n potansiyel ve g\u00fc\u00e7lerini fark etmelerini,<br \/>\n\u0130novatif d\u00fc\u015f\u00fcnce yap\u0131s\u0131 geli\u015ftirmelerini,<br \/>\nAra\u015ft\u0131r\u0131c\u0131 ve sorgulay\u0131c\u0131 bak\u0131\u015f a\u00e7\u0131s\u0131 kazanmalar\u0131n\u0131,<br \/>\nZaman de\u011feri bilin\u00e7 ve duyarl\u0131l\u0131\u011f\u0131n\u0131 elde etmelerini,<br \/>\n\u0130\u00e7 y\u00f6netim, hedef belirleme, pozitif ileti\u015fim konular\u0131nda kendi kendilerini y\u00f6netebilme<br \/>\nbecerilerini,<br \/>\n\u00f6\u011frenmeyi, ya\u015fam tarz\u0131 ve al\u0131\u015fkanl\u0131\u011fa d\u00f6n\u00fc\u015ft\u00fcrmelerini<br \/>\nsa\u011flamak yolunda onlar\u0131n yan\u0131nda olmay\u0131 \u00f6nemsiyoruz.<\/p>\n","protected":false},"excerpt":{"rendered":"<p>KANERL\u0130 olmak, \u00e7al\u0131\u015fan\u0131n hem ki\u015fisel geli\u015fimine hem de ya\u015fam tarz\u0131na etki eder. \u00c7al\u0131\u015fanlar\u0131m\u0131z, bir\u00e7ok yerden indirim ve avantajl\u0131 al\u0131\u015fveri\u015f imkan\u0131na sahip olur. \u00c7al\u0131\u015fanlar\u0131m\u0131z\u0131n potansiyel ve g\u00fc\u00e7lerini fark etmelerini, \u0130novatif d\u00fc\u015f\u00fcnce yap\u0131s\u0131 geli\u015ftirmelerini, Ara\u015ft\u0131r\u0131c\u0131 ve sorgulay\u0131c\u0131 bak\u0131\u015f a\u00e7\u0131s\u0131 kazanmalar\u0131n\u0131, Zaman de\u011feri bilin\u00e7 ve duyarl\u0131l\u0131\u011f\u0131n\u0131 elde etmelerini, \u0130\u00e7 y\u00f6netim, hedef belirleme, pozitif ileti\u015fim konular\u0131nda kendi kendilerini y\u00f6netebilme&#8230;<\/p>\n","protected":false},"author":1,"featured_media":0,"parent":9499,"menu_order":0,"comment_status":"closed","ping_status":"closed","template":"","meta":{"footnotes":""},"_links":{"self":[{"href":"https:\/\/kaner.net\/en\/wp-json\/wp\/v2\/pages\/9724"}],"collection":[{"href":"https:\/\/kaner.net\/en\/wp-json\/wp\/v2\/pages"}],"about":[{"href":"https:\/\/kaner.net\/en\/wp-json\/wp\/v2\/types\/page"}],"author":[{"embeddable":true,"href":"https:\/\/kaner.net\/en\/wp-json\/wp\/v2\/users\/1"}],"replies":[{"embeddable":true,"href":"https:\/\/kaner.net\/en\/wp-json\/wp\/v2\/comments?post=9724"}],"version-history":[{"count":1,"href":"https:\/\/kaner.net\/en\/wp-json\/wp\/v2\/pages\/9724\/revisions"}],"predecessor-version":[{"id":9725,"href":"https:\/\/kaner.net\/en\/wp-json\/wp\/v2\/pages\/9724\/revisions\/9725"}],"up":[{"embeddable":true,"href":"https:\/\/kaner.net\/en\/wp-json\/wp\/v2\/pages\/9499"}],"wp:attachment":[{"href":"https:\/\/kaner.net\/en\/wp-json\/wp\/v2\/media?parent=9724"}],"curies":[{"name":"wp","href":"https:\/\/api.w.org\/{rel}","templated":true}]}}