{"id":9703,"date":"2023-09-14T14:00:26","date_gmt":"2023-09-14T14:00:26","guid":{"rendered":"https:\/\/kaner.net\/?page_id=9703"},"modified":"2023-09-14T14:02:03","modified_gmt":"2023-09-14T14:02:03","slug":"kaner-ruhu","status":"publish","type":"page","link":"https:\/\/kaner.net\/en\/kaner-de-calismak\/kaner-ruhu\/","title":{"rendered":"Kaner Ruhu"},"content":{"rendered":"\t\t<div data-elementor-type=\"wp-page\" data-elementor-id=\"9703\" class=\"elementor elementor-9703\">\n\t\t\t\t\t\t\t\t\t<section class=\"elementor-section elementor-top-section elementor-element elementor-element-c522624 elementor-section-full_width elementor-section-height-default elementor-section-height-default\" data-id=\"c522624\" data-element_type=\"section\">\n\t\t\t\t\t\t<div class=\"elementor-container elementor-column-gap-default\">\n\t\t\t\t\t<div class=\"elementor-column elementor-col-100 elementor-top-column elementor-element elementor-element-e752108\" data-id=\"e752108\" data-element_type=\"column\">\n\t\t\t<div class=\"elementor-widget-wrap elementor-element-populated\">\n\t\t\t\t\t\t\t\t<div class=\"elementor-element elementor-element-e01562e elementor-widget elementor-widget-text-editor\" data-id=\"e01562e\" data-element_type=\"widget\" data-widget_type=\"text-editor.default\">\n\t\t\t\t<div class=\"elementor-widget-container\">\n\t\t\t\t\t\t\t<p>\u00dclkemizde yaratt\u0131\u011f\u0131m\u0131z istihdam potansiyeli ile gurur duyuyor, bu sorumlulukla insan kaynaklar\u0131 politikam\u0131z\u0131 s\u00fcrekli yenilemeye odaklan\u0131yoruz.<\/p><p>\u00d6\u011frenen ve bilgilerini payla\u015fan, s\u00fcrekli geli\u015fen mutlu \u00e7al\u0131\u015fanlar\u0131m\u0131zla birlikte, her zaman daha ileriye gitmeyi s\u00fcrd\u00fcrmeyi ama\u00e7l\u0131yoruz.<\/p><p>Kaner Grup \u0130nsan Kaynaklar\u0131 politikam\u0131zda adil, \u015feffaf ve s\u00f6z hakk\u0131 tan\u0131yan, \u00e7al\u0131\u015fanlar\u0131n potansiyellerini ortaya koyma f\u0131rsatlar\u0131 buldu\u011fu, her bir \u00e7al\u0131\u015fan\u0131n de\u011fer yaratarak \u015firket gelece\u011fine katk\u0131 sa\u011flad\u0131\u011f\u0131 ve de\u011fer g\u00f6rd\u00fc\u011f\u00fc, y\u00fcksek performansl\u0131, geli\u015fim odakl\u0131, her alanda g\u00fc\u00e7l\u00fc ve etkili bir liderlik sergileyen, Kaner ruhunu yans\u0131tan bir \u015firket k\u00fclt\u00fcr\u00fc ve ba\u011fl\u0131l\u0131\u011f\u0131 y\u00fcksek, mutlu, verimli, ba\u015far\u0131l\u0131 ve sa\u011fl\u0131kl\u0131 bir i\u015f g\u00fcc\u00fc olu\u015fturmay\u0131 hedefliyoruz.<\/p>\t\t\t\t\t\t<\/div>\n\t\t\t\t<\/div>\n\t\t\t\t\t<\/div>\n\t\t<\/div>\n\t\t\t\t\t\t\t<\/div>\n\t\t<\/section>\n\t\t\t\t\t\t\t<\/div>\n\t\t","protected":false},"excerpt":{"rendered":"<p>\u00dclkemizde yaratt\u0131\u011f\u0131m\u0131z istihdam potansiyeli ile gurur duyuyor, bu sorumlulukla insan kaynaklar\u0131 politikam\u0131z\u0131 s\u00fcrekli yenilemeye odaklan\u0131yoruz. \u00d6\u011frenen ve bilgilerini payla\u015fan, s\u00fcrekli geli\u015fen mutlu \u00e7al\u0131\u015fanlar\u0131m\u0131zla birlikte, her zaman daha ileriye gitmeyi s\u00fcrd\u00fcrmeyi ama\u00e7l\u0131yoruz. Kaner Grup \u0130nsan Kaynaklar\u0131 politikam\u0131zda adil, \u015feffaf ve s\u00f6z hakk\u0131 tan\u0131yan, \u00e7al\u0131\u015fanlar\u0131n potansiyellerini ortaya koyma f\u0131rsatlar\u0131 buldu\u011fu, her bir \u00e7al\u0131\u015fan\u0131n de\u011fer yaratarak \u015firket gelece\u011fine&#8230;<\/p>\n","protected":false},"author":1,"featured_media":0,"parent":9499,"menu_order":0,"comment_status":"closed","ping_status":"closed","template":"","meta":{"footnotes":""},"_links":{"self":[{"href":"https:\/\/kaner.net\/en\/wp-json\/wp\/v2\/pages\/9703"}],"collection":[{"href":"https:\/\/kaner.net\/en\/wp-json\/wp\/v2\/pages"}],"about":[{"href":"https:\/\/kaner.net\/en\/wp-json\/wp\/v2\/types\/page"}],"author":[{"embeddable":true,"href":"https:\/\/kaner.net\/en\/wp-json\/wp\/v2\/users\/1"}],"replies":[{"embeddable":true,"href":"https:\/\/kaner.net\/en\/wp-json\/wp\/v2\/comments?post=9703"}],"version-history":[{"count":4,"href":"https:\/\/kaner.net\/en\/wp-json\/wp\/v2\/pages\/9703\/revisions"}],"predecessor-version":[{"id":9707,"href":"https:\/\/kaner.net\/en\/wp-json\/wp\/v2\/pages\/9703\/revisions\/9707"}],"up":[{"embeddable":true,"href":"https:\/\/kaner.net\/en\/wp-json\/wp\/v2\/pages\/9499"}],"wp:attachment":[{"href":"https:\/\/kaner.net\/en\/wp-json\/wp\/v2\/media?parent=9703"}],"curies":[{"name":"wp","href":"https:\/\/api.w.org\/{rel}","templated":true}]}}