{"id":9615,"date":"2023-09-11T12:58:43","date_gmt":"2023-09-11T12:58:43","guid":{"rendered":"https:\/\/kaner.net\/?page_id=9615"},"modified":"2023-09-11T22:02:05","modified_gmt":"2023-09-11T22:02:05","slug":"bizden-haberler","status":"publish","type":"page","link":"https:\/\/kaner.net\/en\/bizden-haberler\/","title":{"rendered":"Bizden Haberler"},"content":{"rendered":"\t\t<div data-elementor-type=\"wp-page\" data-elementor-id=\"9615\" class=\"elementor elementor-9615\">\n\t\t\t\t\t\t\t\t\t<section class=\"elementor-section elementor-top-section elementor-element elementor-element-4542fe7 elementor-section-boxed elementor-section-height-default elementor-section-height-default\" data-id=\"4542fe7\" data-element_type=\"section\">\n\t\t\t\t\t\t<div class=\"elementor-container elementor-column-gap-default\">\n\t\t\t\t\t<div class=\"elementor-column elementor-col-100 elementor-top-column elementor-element elementor-element-662dd79\" data-id=\"662dd79\" data-element_type=\"column\">\n\t\t\t<div class=\"elementor-widget-wrap\">\n\t\t\t\t\t\t\t\t\t<\/div>\n\t\t<\/div>\n\t\t\t\t\t\t\t<\/div>\n\t\t<\/section>\n\t\t\t\t\t\t\t<\/div>\n\t\t","protected":false},"excerpt":{"rendered":"<p>KANER \u015e\u0130RKETLER GRUBU, KAN BA\u011eI\u015eINDA BULUNDU Kaner \u015eirketler Grubu Y\u00f6netim Kurulu \u00dcyeleri, y\u00f6neticileri ve personeliyle \u201cBir&#8230; Devam\u0131 Kaner \u015eirketler Grubu, Golden Cage&#8217;de K\u0131br\u0131s\u2019\u0131n en ba\u015far\u0131l\u0131 ve b\u00fcy\u00fck kurulu\u015flar\u0131ndan olan Kaner \u015eirketler Grubu\u2019nun&#8230; Devam\u0131<\/p>\n","protected":false},"author":1,"featured_media":0,"parent":0,"menu_order":0,"comment_status":"closed","ping_status":"closed","template":"r-energy-elementor-page.php","meta":{"footnotes":""},"_links":{"self":[{"href":"https:\/\/kaner.net\/en\/wp-json\/wp\/v2\/pages\/9615"}],"collection":[{"href":"https:\/\/kaner.net\/en\/wp-json\/wp\/v2\/pages"}],"about":[{"href":"https:\/\/kaner.net\/en\/wp-json\/wp\/v2\/types\/page"}],"author":[{"embeddable":true,"href":"https:\/\/kaner.net\/en\/wp-json\/wp\/v2\/users\/1"}],"replies":[{"embeddable":true,"href":"https:\/\/kaner.net\/en\/wp-json\/wp\/v2\/comments?post=9615"}],"version-history":[{"count":19,"href":"https:\/\/kaner.net\/en\/wp-json\/wp\/v2\/pages\/9615\/revisions"}],"predecessor-version":[{"id":9680,"href":"https:\/\/kaner.net\/en\/wp-json\/wp\/v2\/pages\/9615\/revisions\/9680"}],"wp:attachment":[{"href":"https:\/\/kaner.net\/en\/wp-json\/wp\/v2\/media?parent=9615"}],"curies":[{"name":"wp","href":"https:\/\/api.w.org\/{rel}","templated":true}]}}